{"id":7,"date":"2026-03-11T19:03:52","date_gmt":"2026-03-11T18:03:52","guid":{"rendered":"https:\/\/spenglerei-hatzl.de\/?page_id=7"},"modified":"2026-03-16T21:42:57","modified_gmt":"2026-03-16T20:42:57","slug":"homepage","status":"publish","type":"page","link":"https:\/\/spenglerei-hatzl.de\/","title":{"rendered":"Spenglerei Dachdeckerei Hatzl"},"content":{"rendered":"\n<p class=\"has-text-align-left\">Wir sind f\u00fcr Kunden in den <strong>Landkreisen Erding und Freising, den Gemeinden Eitting und Oberding sowie im Umland von M\u00fcnchen<\/strong> t\u00e4tig. Im Bereich des <strong>Flughafen M\u00fcnchen<\/strong> sind wir Ihr zuverl\u00e4ssiger Ansprechpartner f\u00fcr Spengler- und Dachdeckerarbeiten.<\/p>\n\n\n\n<div style=\"height:20px\" aria-hidden=\"true\" class=\"wp-block-spacer\"><\/div>\n\n\n\n<div class=\"wp-block-group alignwide is-style-default has-base-color has-custom-color-1-gradient-background has-text-color has-background has-link-color wp-elements-fdb72174cbce12c757aded42ff768c24 has-global-padding is-content-justification-center is-layout-constrained wp-container-core-group-is-layout-b04b91f0 wp-block-group-is-layout-constrained\" id=\"kontakt\" style=\"margin-top:0;margin-bottom:0;padding-top:var(--wp--preset--spacing--20);padding-right:var(--wp--preset--spacing--20);padding-bottom:var(--wp--preset--spacing--20);padding-left:var(--wp--preset--spacing--20)\">\n<h2 class=\"wp-block-heading\" style=\"margin-top:0;margin-bottom:var(--wp--preset--spacing--30)\">Kontakt<\/h2>\n\n\n\n<div class=\"wp-block-columns is-layout-flex wp-container-core-columns-is-layout-8e9182b2 wp-block-columns-is-layout-flex\" style=\"margin-top:5px\">\n<div class=\"wp-block-column is-layout-flow wp-container-core-column-is-layout-6b73ce23 wp-block-column-is-layout-flow\" style=\"flex-basis:33%\">\n<p class=\"is-style-default\"><a href=\"tel:+4981224526\">08122 4526<\/a><\/p>\n\n\n\n<p><a href=\"mailto:hallo@spenglerei-hatzl.de?subject=Anfrage%20\u00fcber%20spenglerei-hatzl.de\" data-type=\"mailto\" data-id=\"mailto:hallo@spenglerei-hatzl.de\">hallo@spenglerei-hatzl.de<\/a><\/p>\n<\/div>\n\n\n\n<div class=\"wp-block-column is-layout-flow wp-block-column-is-layout-flow\" style=\"flex-basis:33%\">\n<h3 class=\"wp-block-heading is-style-default\">B\u00fcrozeiten<\/h3>\n\n\n\n<p>Mo-Fr 8 bis 16 Uhr<\/p>\n<\/div>\n\n\n\n<div class=\"wp-block-column is-layout-flow wp-container-core-column-is-layout-ce02884d wp-block-column-is-layout-flow\" style=\"flex-basis:33%\">\n<h3 class=\"wp-block-heading\">Anschrift<\/h3>\n\n\n\n<p>Berglerner Str. 11<br>85462 Eitting<\/p>\n<\/div>\n<\/div>\n<\/div>\n\n\n\n<div style=\"height:20px\" aria-hidden=\"true\" class=\"wp-block-spacer\"><\/div>\n\n\n\n<div class=\"wp-block-group alignfull has-global-padding is-layout-constrained wp-container-core-group-is-layout-cc037214 wp-block-group-is-layout-constrained\" id=\"spenglerei\" style=\"padding-top:0px;padding-bottom:0px\">\n<h2 class=\"wp-block-heading\">Spenglerarbeiten<\/h2>\n\n\n\n<p>Die <strong>Spenglerei Franz Hatzl Meisterbetrieb<\/strong> in Eitting f\u00fchrt fachgerechte Spenglerarbeiten an Dach, Fassade und Geb\u00e4udeentw\u00e4sserung aus. Wir arbeiten mit Blechen aller Art und fertigen <strong>Einzelfertigungen nach Ma\u00df<\/strong>, damit jedes Detail passt.<\/p>\n\n\n\n<p>Unsere Spengler montieren Kupfer- und Metallbleche fachgerecht, langlebig und witterungsbest\u00e4ndig. So entstehen hochwertige, funktionale Akzente auf Ihrem Dach und an der Fassade.<\/p>\n<\/div>\n\n\n\n<hr class=\"wp-block-separator has-alpha-channel-opacity is-style-default\" style=\"margin-top:var(--wp--preset--spacing--50);margin-bottom:var(--wp--preset--spacing--50)\"\/>\n\n\n\n<div class=\"wp-block-group alignfull has-global-padding is-layout-constrained wp-container-core-group-is-layout-cc037214 wp-block-group-is-layout-constrained\" id=\"dachdeckerei\" style=\"padding-top:0px;padding-bottom:0px\">\n<h2 class=\"wp-block-heading\">Dachdeckerarbeiten<\/h2>\n\n\n\n<p>Wir \u00fcbernehmen Dachdeckerarbeiten \u2013 von Reparaturen bis zur Neueindeckung \u2013 und verbinden traditionelles Handwerk mit aktuellem Materialwissen.<\/p>\n\n\n\n<p>Unsere Spengler kennen Metalle, Kunststoffe und Verbindungstechniken wie <strong>Falzen, Nieten und Kleben<\/strong>, um Metalld\u00e4cher, Fassaden, Dachrinnen und Regenfallrohre zuverl\u00e4ssig anzubringen. Qualit\u00e4t und Langlebigkeit stehen an erster Stelle.<\/p>\n<\/div>\n\n\n\n<hr class=\"wp-block-separator has-alpha-channel-opacity is-style-default\" style=\"margin-top:var(--wp--preset--spacing--50);margin-bottom:var(--wp--preset--spacing--50)\"\/>\n\n\n\n<div class=\"wp-block-group alignfull has-global-padding is-layout-constrained wp-container-core-group-is-layout-cc037214 wp-block-group-is-layout-constrained\" id=\"referenzen\" style=\"padding-top:0px;padding-bottom:0px\">\n<h2 class=\"wp-block-heading\">Referenzen<\/h2>\n\n\n\n<figure class=\"wp-block-gallery has-nested-images columns-3 is-cropped wp-block-gallery-1 is-layout-flex wp-block-gallery-is-layout-flex\">\n<figure class=\"wp-block-image size-large\"><img loading=\"lazy\" decoding=\"async\" width=\"768\" height=\"1024\" data-id=\"184\" src=\"https:\/\/spenglerei-hatzl.de\/wp-content\/uploads\/2026\/03\/5-768x1024.jpg\" alt=\"\" class=\"wp-image-184\" srcset=\"https:\/\/spenglerei-hatzl.de\/wp-content\/uploads\/2026\/03\/5-768x1024.jpg 768w, https:\/\/spenglerei-hatzl.de\/wp-content\/uploads\/2026\/03\/5-225x300.jpg 225w, https:\/\/spenglerei-hatzl.de\/wp-content\/uploads\/2026\/03\/5-1152x1536.jpg 1152w, https:\/\/spenglerei-hatzl.de\/wp-content\/uploads\/2026\/03\/5.jpg 1530w\" sizes=\"auto, (max-width: 768px) 100vw, 768px\" \/><\/figure>\n\n\n\n<figure class=\"wp-block-image size-large\"><img loading=\"lazy\" decoding=\"async\" width=\"768\" height=\"1024\" data-id=\"185\" src=\"https:\/\/spenglerei-hatzl.de\/wp-content\/uploads\/2026\/03\/6-768x1024.jpg\" alt=\"\" class=\"wp-image-185\" srcset=\"https:\/\/spenglerei-hatzl.de\/wp-content\/uploads\/2026\/03\/6-768x1024.jpg 768w, https:\/\/spenglerei-hatzl.de\/wp-content\/uploads\/2026\/03\/6-225x300.jpg 225w, https:\/\/spenglerei-hatzl.de\/wp-content\/uploads\/2026\/03\/6-1152x1536.jpg 1152w, https:\/\/spenglerei-hatzl.de\/wp-content\/uploads\/2026\/03\/6.jpg 1530w\" sizes=\"auto, (max-width: 768px) 100vw, 768px\" \/><\/figure>\n\n\n\n<figure class=\"wp-block-image size-large\"><img loading=\"lazy\" decoding=\"async\" width=\"1024\" height=\"768\" data-id=\"186\" src=\"https:\/\/spenglerei-hatzl.de\/wp-content\/uploads\/2026\/03\/3-1024x768.jpg\" alt=\"\" class=\"wp-image-186\" srcset=\"https:\/\/spenglerei-hatzl.de\/wp-content\/uploads\/2026\/03\/3-1024x768.jpg 1024w, https:\/\/spenglerei-hatzl.de\/wp-content\/uploads\/2026\/03\/3-300x225.jpg 300w, https:\/\/spenglerei-hatzl.de\/wp-content\/uploads\/2026\/03\/3-768x576.jpg 768w, https:\/\/spenglerei-hatzl.de\/wp-content\/uploads\/2026\/03\/3-1536x1152.jpg 1536w, https:\/\/spenglerei-hatzl.de\/wp-content\/uploads\/2026\/03\/3.jpg 1600w\" sizes=\"auto, (max-width: 1024px) 100vw, 1024px\" \/><\/figure>\n\n\n\n<figure class=\"wp-block-image size-large\"><img loading=\"lazy\" decoding=\"async\" width=\"1024\" height=\"768\" data-id=\"187\" src=\"https:\/\/spenglerei-hatzl.de\/wp-content\/uploads\/2026\/03\/4-1024x768.jpg\" alt=\"\" class=\"wp-image-187\" srcset=\"https:\/\/spenglerei-hatzl.de\/wp-content\/uploads\/2026\/03\/4-1024x768.jpg 1024w, https:\/\/spenglerei-hatzl.de\/wp-content\/uploads\/2026\/03\/4-300x225.jpg 300w, https:\/\/spenglerei-hatzl.de\/wp-content\/uploads\/2026\/03\/4-768x576.jpg 768w, https:\/\/spenglerei-hatzl.de\/wp-content\/uploads\/2026\/03\/4-1536x1152.jpg 1536w, https:\/\/spenglerei-hatzl.de\/wp-content\/uploads\/2026\/03\/4.jpg 2040w\" sizes=\"auto, (max-width: 1024px) 100vw, 1024px\" \/><\/figure>\n\n\n\n<figure class=\"wp-block-image size-large\"><img loading=\"lazy\" decoding=\"async\" width=\"768\" height=\"1024\" data-id=\"188\" src=\"https:\/\/spenglerei-hatzl.de\/wp-content\/uploads\/2026\/03\/7-768x1024.jpg\" alt=\"\" class=\"wp-image-188\" srcset=\"https:\/\/spenglerei-hatzl.de\/wp-content\/uploads\/2026\/03\/7-768x1024.jpg 768w, https:\/\/spenglerei-hatzl.de\/wp-content\/uploads\/2026\/03\/7-225x300.jpg 225w, https:\/\/spenglerei-hatzl.de\/wp-content\/uploads\/2026\/03\/7-1152x1536.jpg 1152w, https:\/\/spenglerei-hatzl.de\/wp-content\/uploads\/2026\/03\/7.jpg 1200w\" sizes=\"auto, (max-width: 768px) 100vw, 768px\" \/><\/figure>\n\n\n\n<figure class=\"wp-block-image size-large\"><img loading=\"lazy\" decoding=\"async\" width=\"768\" height=\"1024\" data-id=\"189\" src=\"https:\/\/spenglerei-hatzl.de\/wp-content\/uploads\/2026\/03\/1-768x1024.jpg\" alt=\"\" class=\"wp-image-189\" srcset=\"https:\/\/spenglerei-hatzl.de\/wp-content\/uploads\/2026\/03\/1-768x1024.jpg 768w, https:\/\/spenglerei-hatzl.de\/wp-content\/uploads\/2026\/03\/1-225x300.jpg 225w, https:\/\/spenglerei-hatzl.de\/wp-content\/uploads\/2026\/03\/1-1152x1536.jpg 1152w, https:\/\/spenglerei-hatzl.de\/wp-content\/uploads\/2026\/03\/1.jpg 1200w\" sizes=\"auto, (max-width: 768px) 100vw, 768px\" \/><\/figure>\n\n\n\n<figure class=\"wp-block-image size-large\"><img loading=\"lazy\" decoding=\"async\" width=\"1600\" height=\"1200\" data-id=\"190\" src=\"https:\/\/spenglerei-hatzl.de\/wp-content\/uploads\/2026\/03\/8-1024x768.jpg\" alt=\"\" class=\"wp-image-190\" srcset=\"https:\/\/spenglerei-hatzl.de\/wp-content\/uploads\/2026\/03\/8-1024x768.jpg 1024w, https:\/\/spenglerei-hatzl.de\/wp-content\/uploads\/2026\/03\/8-300x225.jpg 300w, https:\/\/spenglerei-hatzl.de\/wp-content\/uploads\/2026\/03\/8-768x576.jpg 768w, https:\/\/spenglerei-hatzl.de\/wp-content\/uploads\/2026\/03\/8-1536x1152.jpg 1536w, https:\/\/spenglerei-hatzl.de\/wp-content\/uploads\/2026\/03\/8.jpg 1600w\" sizes=\"auto, (max-width: 1600px) 100vw, 1600px\" \/><\/figure>\n\n\n\n<figure class=\"wp-block-image size-large\"><img loading=\"lazy\" decoding=\"async\" width=\"1024\" height=\"768\" data-id=\"191\" src=\"https:\/\/spenglerei-hatzl.de\/wp-content\/uploads\/2026\/03\/9-1024x768.jpg\" alt=\"\" class=\"wp-image-191\" srcset=\"https:\/\/spenglerei-hatzl.de\/wp-content\/uploads\/2026\/03\/9-1024x768.jpg 1024w, https:\/\/spenglerei-hatzl.de\/wp-content\/uploads\/2026\/03\/9-300x225.jpg 300w, https:\/\/spenglerei-hatzl.de\/wp-content\/uploads\/2026\/03\/9-768x576.jpg 768w, https:\/\/spenglerei-hatzl.de\/wp-content\/uploads\/2026\/03\/9-1536x1152.jpg 1536w, https:\/\/spenglerei-hatzl.de\/wp-content\/uploads\/2026\/03\/9.jpg 2040w\" sizes=\"auto, (max-width: 1024px) 100vw, 1024px\" \/><\/figure>\n\n\n\n<figure class=\"wp-block-image size-large\"><img loading=\"lazy\" decoding=\"async\" width=\"768\" height=\"1024\" data-id=\"192\" src=\"https:\/\/spenglerei-hatzl.de\/wp-content\/uploads\/2026\/03\/2-768x1024.jpg\" alt=\"\" class=\"wp-image-192\" srcset=\"https:\/\/spenglerei-hatzl.de\/wp-content\/uploads\/2026\/03\/2-768x1024.jpg 768w, https:\/\/spenglerei-hatzl.de\/wp-content\/uploads\/2026\/03\/2-225x300.jpg 225w, https:\/\/spenglerei-hatzl.de\/wp-content\/uploads\/2026\/03\/2-1152x1536.jpg 1152w, https:\/\/spenglerei-hatzl.de\/wp-content\/uploads\/2026\/03\/2.jpg 1200w\" sizes=\"auto, (max-width: 768px) 100vw, 768px\" \/><\/figure>\n<\/figure>\n<\/div>\n\n\n\n<hr class=\"wp-block-separator has-alpha-channel-opacity is-style-default\" style=\"margin-top:var(--wp--preset--spacing--50);margin-bottom:var(--wp--preset--spacing--50)\"\/>\n\n\n\n<p class=\"has-text-align-center\"><a href=\"https:\/\/spenglerei-hatzl.de\/?page_id=3\" data-type=\"page\" data-id=\"3\">Impressum \/ Datenschutz<\/a><\/p>\n","protected":false},"excerpt":{"rendered":"<p>Wir sind f\u00fcr Kunden in den Landkreisen Erding und Freising, den Gemeinden Eitting und Oberding sowie im Umland von M\u00fcnchen t\u00e4tig. Im Bereich des Flughafen M\u00fcnchen sind wir Ihr zuverl\u00e4ssiger Ansprechpartner f\u00fcr Spengler- und Dachdeckerarbeiten. Kontakt 08122 4526 hallo@spenglerei-hatzl.de B\u00fcrozeiten Mo-Fr 8 bis 16 Uhr Anschrift Berglerner Str. 1185462 Eitting Spenglerarbeiten Die Spenglerei Franz Hatzl [&hellip;]<\/p>\n","protected":false},"author":1,"featured_media":0,"parent":0,"menu_order":0,"comment_status":"closed","ping_status":"closed","template":"","meta":{"footnotes":""},"class_list":["post-7","page","type-page","status-publish","hentry"],"_links":{"self":[{"href":"https:\/\/spenglerei-hatzl.de\/index.php?rest_route=\/wp\/v2\/pages\/7","targetHints":{"allow":["GET"]}}],"collection":[{"href":"https:\/\/spenglerei-hatzl.de\/index.php?rest_route=\/wp\/v2\/pages"}],"about":[{"href":"https:\/\/spenglerei-hatzl.de\/index.php?rest_route=\/wp\/v2\/types\/page"}],"author":[{"embeddable":true,"href":"https:\/\/spenglerei-hatzl.de\/index.php?rest_route=\/wp\/v2\/users\/1"}],"replies":[{"embeddable":true,"href":"https:\/\/spenglerei-hatzl.de\/index.php?rest_route=%2Fwp%2Fv2%2Fcomments&post=7"}],"version-history":[{"count":76,"href":"https:\/\/spenglerei-hatzl.de\/index.php?rest_route=\/wp\/v2\/pages\/7\/revisions"}],"predecessor-version":[{"id":196,"href":"https:\/\/spenglerei-hatzl.de\/index.php?rest_route=\/wp\/v2\/pages\/7\/revisions\/196"}],"wp:attachment":[{"href":"https:\/\/spenglerei-hatzl.de\/index.php?rest_route=%2Fwp%2Fv2%2Fmedia&parent=7"}],"curies":[{"name":"wp","href":"https:\/\/api.w.org\/{rel}","templated":true}]}}